{"id":16300,"date":"2023-08-29T10:15:07","date_gmt":"2023-08-29T08:15:07","guid":{"rendered":"https:\/\/www.oldera.at\/oldera\/?page_id=16300"},"modified":"2023-11-30T08:37:04","modified_gmt":"2023-11-30T07:37:04","slug":"nachhaltigkeit","status":"publish","type":"page","link":"https:\/\/www.oldera.at\/oldera\/nachhaltigkeit\/","title":{"rendered":"Nachhaltigkeit"},"content":{"rendered":"<p>[et_pb_section fb_built=&#8220;1&#8243; _builder_version=&#8220;4.22.1&#8243; _module_preset=&#8220;default&#8220; global_colors_info=&#8220;{}&#8220;][et_pb_row _builder_version=&#8220;4.22.1&#8243; _module_preset=&#8220;default&#8220; global_colors_info=&#8220;{}&#8220;][et_pb_column type=&#8220;4_4&#8243; _builder_version=&#8220;4.22.1&#8243; _module_preset=&#8220;default&#8220; global_colors_info=&#8220;{}&#8220;][et_pb_text _builder_version=&#8220;4.22.1&#8243; _module_preset=&#8220;default&#8220; header_font=&#8220;Times New Roman|700|||||||&#8220; header_text_align=&#8220;center&#8220; header_font_size_tablet=&#8220;&#8220; header_font_size_phone=&#8220;26px&#8220; header_font_size_last_edited=&#8220;on|phone&#8220; global_colors_info=&#8220;{}&#8220;]<\/p>\n<h1>Nachhaltigkeit bei OLDERA\ud83d\udc90\ud83d\udc1d<\/h1>\n<p>[\/et_pb_text][\/et_pb_column][\/et_pb_row][et_pb_row _builder_version=&#8220;4.22.1&#8243; _module_preset=&#8220;default&#8220; global_colors_info=&#8220;{}&#8220;][et_pb_column type=&#8220;4_4&#8243; _builder_version=&#8220;4.22.1&#8243; _module_preset=&#8220;default&#8220; global_colors_info=&#8220;{}&#8220;][et_pb_text _builder_version=&#8220;4.22.1&#8243; _module_preset=&#8220;default&#8220; header_font=&#8220;Times New Roman|700|||||||&#8220; header_text_align=&#8220;center&#8220; header_2_font=&#8220;Times New Roman||||||||&#8220; global_colors_info=&#8220;{}&#8220;]<\/p>\n<h2>Knapp <strong>90%<\/strong> der Produkte von <strong>OLDERA<\/strong> werden erst bei Bestelleingang an einem unserer internationalen Standorte (Spanien, Lettland, USA) verarbeitet und anschlie\u00dfend von jenem Standort versandt, der am n\u00e4chsten beim Kunden liegt. Dieser Prozess <strong>spart eine Unmenge Abfall<\/strong> und rechtfertigt eine\u00a0Lieferzeit von 1-9 Werktagen.<\/h2>\n<p>&nbsp;<\/p>\n<h2>In einer Branche in welcher <strong>j\u00e4hrlich 92 Mio. Tonnen Abfall<\/strong> entstehen, ist so eine Gesch\u00e4ftsstrategie der richtige Weg.<\/h2>\n<p>&nbsp;<\/p>\n<h2><\/h2>\n<h2>Herk\u00f6mmliche Bekleidungsketten erstellen Artikel zum Verkauf, die in Massen hergestellt werden <strong>um Kosten zu sparen.<\/strong> Erreichen diese Artikel ihre wirtschaftlichen Ziele nicht, werden diese <strong>entsorgt oder verbrannt.<\/strong><\/h2>\n<h2><strong>\u00a0<\/strong><\/h2>\n<h2>Die Leute ben\u00f6tigen Klamotten. Mode ist eine beliebte Industrie, welche Teil unserer eigenen Identit\u00e4t und wirtschaftlichen Wachstums ist, trotz den Problemen bez\u00fcglich der Umwelt und der Gesellschaft sind wir mit dieser <strong>Strategie zukunftsorientiert.<\/strong><\/h2>\n<p>[\/et_pb_text][et_pb_image src=&#8220;https:\/\/www.oldera.at\/oldera\/wp-content\/uploads\/2023\/04\/oldera-zus.png&#8220; title_text=&#8220;oldera zus&#8220; _builder_version=&#8220;4.22.1&#8243; _module_preset=&#8220;default&#8220; width=&#8220;14%&#8220; width_tablet=&#8220;25%&#8220; width_phone=&#8220;20%&#8220; width_last_edited=&#8220;on|phone&#8220; module_alignment=&#8220;center&#8220; global_colors_info=&#8220;{}&#8220;][\/et_pb_image][\/et_pb_column][\/et_pb_row][\/et_pb_section]<\/p>\n","protected":false},"excerpt":{"rendered":"<p>Nachhaltigkeit bei OLDERA\ud83d\udc90\ud83d\udc1dKnapp 90% der Produkte von OLDERA werden erst bei Bestelleingang an einem unserer internationalen Standorte (Spanien, Lettland, USA) verarbeitet und anschlie\u00dfend von jenem Standort versandt, der am n\u00e4chsten beim Kunden liegt. Dieser Prozess spart eine Unmenge Abfall und rechtfertigt eine\u00a0Lieferzeit von 1-9 Werktagen. &nbsp; In einer Branche in welcher j\u00e4hrlich 92 Mio. Tonnen [&hellip;]<\/p>\n","protected":false},"author":2,"featured_media":0,"parent":0,"menu_order":0,"comment_status":"closed","ping_status":"closed","template":"","meta":{"_et_pb_use_builder":"on","_et_pb_old_content":"","_et_gb_content_width":"","_monsterinsights_skip_tracking":false,"_monsterinsights_sitenote_active":false,"_monsterinsights_sitenote_note":"","_monsterinsights_sitenote_category":0,"footnotes":""},"class_list":["post-16300","page","type-page","status-publish","hentry"],"_links":{"self":[{"href":"https:\/\/www.oldera.at\/oldera\/wp-json\/wp\/v2\/pages\/16300","targetHints":{"allow":["GET"]}}],"collection":[{"href":"https:\/\/www.oldera.at\/oldera\/wp-json\/wp\/v2\/pages"}],"about":[{"href":"https:\/\/www.oldera.at\/oldera\/wp-json\/wp\/v2\/types\/page"}],"author":[{"embeddable":true,"href":"https:\/\/www.oldera.at\/oldera\/wp-json\/wp\/v2\/users\/2"}],"replies":[{"embeddable":true,"href":"https:\/\/www.oldera.at\/oldera\/wp-json\/wp\/v2\/comments?post=16300"}],"version-history":[{"count":8,"href":"https:\/\/www.oldera.at\/oldera\/wp-json\/wp\/v2\/pages\/16300\/revisions"}],"predecessor-version":[{"id":17652,"href":"https:\/\/www.oldera.at\/oldera\/wp-json\/wp\/v2\/pages\/16300\/revisions\/17652"}],"wp:attachment":[{"href":"https:\/\/www.oldera.at\/oldera\/wp-json\/wp\/v2\/media?parent=16300"}],"curies":[{"name":"wp","href":"https:\/\/api.w.org\/{rel}","templated":true}]}}