{"id":320,"date":"2020-04-03T19:54:48","date_gmt":"2020-04-03T17:54:48","guid":{"rendered":"https:\/\/www.props-wear.de\/?page_id=320"},"modified":"2023-11-30T08:37:17","modified_gmt":"2023-11-30T07:37:17","slug":"versandinformationen","status":"publish","type":"page","link":"https:\/\/www.oldera.at\/oldera\/versandinformationen\/","title":{"rendered":"Versandinformationen"},"content":{"rendered":"<p>[et_pb_section fb_built=&#8220;1&#8243; _builder_version=&#8220;4.16&#8243; global_colors_info=&#8220;{}&#8220;][et_pb_row _builder_version=&#8220;4.20.4&#8243; custom_padding=&#8220;||0px|||&#8220; global_colors_info=&#8220;{}&#8220;][et_pb_column type=&#8220;4_4&#8243; _builder_version=&#8220;4.16&#8243; global_colors_info=&#8220;{}&#8220;][et_pb_image src=&#8220;https:\/\/www.oldera.at\/oldera\/wp-content\/uploads\/2023\/04\/Paket-Icon.png&#8220; title_text=&#8220;Paket Icon&#8220; _builder_version=&#8220;4.20.4&#8243; _module_preset=&#8220;default&#8220; width=&#8220;12%&#8220; width_tablet=&#8220;15%&#8220; width_phone=&#8220;35%&#8220; width_last_edited=&#8220;on|tablet&#8220; global_colors_info=&#8220;{}&#8220;][\/et_pb_image][et_pb_text _builder_version=&#8220;4.21.0&#8243; text_font_size_tablet=&#8220;&#8220; text_font_size_phone=&#8220;14px&#8220; text_font_size_last_edited=&#8220;on|phone&#8220; global_colors_info=&#8220;{}&#8220;]<\/p>\n<h2><strong>WELTWEITER VERSAND!<\/strong><\/h2>\n<p><strong>\u00d6STERREICH \u2013 4,90\u20ac<\/strong><br \/>Bestellungen \u00fcber 99\u20ac \u2013 KOSTENLOSE LIEFERUNG<\/p>\n<p>Lieferzeit 1-9 Werktage<\/p>\n<p><strong>EUROPA \u2013 14,90\u20ac<\/strong><br \/>Bestellungen \u00fcber 149\u20ac \u2013 KOSTENLOSE LIEFERUNG<\/p>\n<p>Lieferzeit 1-9 Werktage<\/p>\n<p><strong>ALLE ANDEREN L\u00c4NDER \u2013 19,90\u20ac<\/strong><br \/>Bestellungen \u00fcber 199\u20ac \u2013 KOSTENLOSE LIEFERUNG<\/p>\n<p>Lieferzeit 1-12 Werktage<\/p>\n<p><strong>Bei Lieferungen in das Nicht-EU-Ausland fallen Z\u00f6lle und Geb\u00fchren an, die wir nicht \u00fcbernehmen!<\/strong><\/p>\n<p>[\/et_pb_text][et_pb_image src=&#8220;https:\/\/www.oldera.at\/oldera\/wp-content\/uploads\/2023\/04\/Rueckgabe-Icon.png&#8220; title_text=&#8220;R\u00fcckgabe Icon&#8220; _builder_version=&#8220;4.20.4&#8243; _module_preset=&#8220;default&#8220; width=&#8220;12%&#8220; width_tablet=&#8220;15%&#8220; width_phone=&#8220;35%&#8220; width_last_edited=&#8220;on|phone&#8220; global_colors_info=&#8220;{}&#8220;][\/et_pb_image][et_pb_text _builder_version=&#8220;4.23.1&#8243; custom_padding=&#8220;||0px|||&#8220; text_font_size_tablet=&#8220;&#8220; text_font_size_phone=&#8220;14px&#8220; text_font_size_last_edited=&#8220;on|phone&#8220; global_colors_info=&#8220;{}&#8220;]<\/p>\n<h2><strong>R\u00dcCKGABEN\/REKLAMATIONEN<\/strong><\/h2>\n<p><strong>Bitte beachten Sie, dass R\u00fccksendungen zus\u00e4tzliche negative Umweltauswirkungen haben. <\/strong><strong>Sehen Sie sich daher die Gr\u00f6\u00dfentabellen an, um sofort die richtige Gr\u00f6\u00dfe zu erhalten &#8211; DANKE<\/strong><\/p>\n<p>Sie k\u00f6nnen ungetragene Artikel innerhalb von 30 Tagen nach Erhalt zur\u00fccksenden\/reklamieren.<\/p>\n<p>Sie erhalten ein kostenloses Retourenlabel, wenn Ihre Anfrage genehmigt wurde.<\/p>\n<p>Der Kaufbetrag wird innerhalb von 14 Tagen nach Erhalt der Retoure gutgeschrieben \u2013 entsprechend der von Ihnen bei der Bestellung verwendeten Zahlungsart.<\/p>\n<p>[\/et_pb_text][et_pb_contact_form captcha=&#8220;off&#8220; success_message=&#8220;\u2705 Ihre Anfrage wird schnellstm\u00f6glich bearbeitet!&#8220; _builder_version=&#8220;4.20.4&#8243; _module_preset=&#8220;default&#8220; _unique_id=&#8220;c6e8a127-f653-4e1f-85ef-a1115de10605&#8243; global_colors_info=&#8220;{}&#8220;][et_pb_contact_field field_id=&#8220;Bestellnummer&#8220; field_title=&#8220;Bestellnummer&#8220; fullwidth_field=&#8220;on&#8220; _builder_version=&#8220;4.20.4&#8243; _module_preset=&#8220;default&#8220; global_colors_info=&#8220;{}&#8220;][\/et_pb_contact_field][et_pb_contact_field field_id=&#8220;Name&#8220; field_title=&#8220;Name&#8220; _builder_version=&#8220;4.16&#8243; global_colors_info=&#8220;{}&#8220; button_text_size__hover_enabled=&#8220;off&#8220; button_one_text_size__hover_enabled=&#8220;off&#8220; button_two_text_size__hover_enabled=&#8220;off&#8220; button_text_color__hover_enabled=&#8220;off&#8220; button_one_text_color__hover_enabled=&#8220;off&#8220; button_two_text_color__hover_enabled=&#8220;off&#8220; button_border_width__hover_enabled=&#8220;off&#8220; button_one_border_width__hover_enabled=&#8220;off&#8220; button_two_border_width__hover_enabled=&#8220;off&#8220; button_border_color__hover_enabled=&#8220;off&#8220; button_one_border_color__hover_enabled=&#8220;off&#8220; button_two_border_color__hover_enabled=&#8220;off&#8220; button_border_radius__hover_enabled=&#8220;off&#8220; button_one_border_radius__hover_enabled=&#8220;off&#8220; button_two_border_radius__hover_enabled=&#8220;off&#8220; button_letter_spacing__hover_enabled=&#8220;off&#8220; button_one_letter_spacing__hover_enabled=&#8220;off&#8220; button_two_letter_spacing__hover_enabled=&#8220;off&#8220; button_bg_color__hover_enabled=&#8220;off&#8220; button_one_bg_color__hover_enabled=&#8220;off&#8220; button_two_bg_color__hover_enabled=&#8220;off&#8220;][\/et_pb_contact_field][et_pb_contact_field field_id=&#8220;Email&#8220; field_title=&#8220;E-Mail-Adresse&#8220; field_type=&#8220;email&#8220; _builder_version=&#8220;4.16&#8243; global_colors_info=&#8220;{}&#8220; button_text_size__hover_enabled=&#8220;off&#8220; button_one_text_size__hover_enabled=&#8220;off&#8220; button_two_text_size__hover_enabled=&#8220;off&#8220; button_text_color__hover_enabled=&#8220;off&#8220; button_one_text_color__hover_enabled=&#8220;off&#8220; button_two_text_color__hover_enabled=&#8220;off&#8220; button_border_width__hover_enabled=&#8220;off&#8220; button_one_border_width__hover_enabled=&#8220;off&#8220; button_two_border_width__hover_enabled=&#8220;off&#8220; button_border_color__hover_enabled=&#8220;off&#8220; button_one_border_color__hover_enabled=&#8220;off&#8220; button_two_border_color__hover_enabled=&#8220;off&#8220; button_border_radius__hover_enabled=&#8220;off&#8220; button_one_border_radius__hover_enabled=&#8220;off&#8220; button_two_border_radius__hover_enabled=&#8220;off&#8220; button_letter_spacing__hover_enabled=&#8220;off&#8220; button_one_letter_spacing__hover_enabled=&#8220;off&#8220; button_two_letter_spacing__hover_enabled=&#8220;off&#8220; button_bg_color__hover_enabled=&#8220;off&#8220; button_one_bg_color__hover_enabled=&#8220;off&#8220; button_two_bg_color__hover_enabled=&#8220;off&#8220;][\/et_pb_contact_field][et_pb_contact_field field_id=&#8220;Message&#8220; field_title=&#8220;R\u00fccksendegrund&#8220; field_type=&#8220;text&#8220; fullwidth_field=&#8220;on&#8220; _builder_version=&#8220;4.20.4&#8243; global_colors_info=&#8220;{}&#8220; button_text_size__hover_enabled=&#8220;off&#8220; button_one_text_size__hover_enabled=&#8220;off&#8220; button_two_text_size__hover_enabled=&#8220;off&#8220; button_text_color__hover_enabled=&#8220;off&#8220; button_one_text_color__hover_enabled=&#8220;off&#8220; button_two_text_color__hover_enabled=&#8220;off&#8220; button_border_width__hover_enabled=&#8220;off&#8220; button_one_border_width__hover_enabled=&#8220;off&#8220; button_two_border_width__hover_enabled=&#8220;off&#8220; button_border_color__hover_enabled=&#8220;off&#8220; button_one_border_color__hover_enabled=&#8220;off&#8220; button_two_border_color__hover_enabled=&#8220;off&#8220; button_border_radius__hover_enabled=&#8220;off&#8220; button_one_border_radius__hover_enabled=&#8220;off&#8220; button_two_border_radius__hover_enabled=&#8220;off&#8220; button_letter_spacing__hover_enabled=&#8220;off&#8220; button_one_letter_spacing__hover_enabled=&#8220;off&#8220; button_two_letter_spacing__hover_enabled=&#8220;off&#8220; button_bg_color__hover_enabled=&#8220;off&#8220; button_one_bg_color__hover_enabled=&#8220;off&#8220; button_two_bg_color__hover_enabled=&#8220;off&#8220;][\/et_pb_contact_field][\/et_pb_contact_form][et_pb_text _builder_version=&#8220;4.22.1&#8243; custom_padding=&#8220;||0px|||&#8220; text_font_size_tablet=&#8220;&#8220; text_font_size_phone=&#8220;14px&#8220; text_font_size_last_edited=&#8220;on|phone&#8220; global_colors_info=&#8220;{}&#8220;]<\/p>\n<p>Schreiben Sie gerne eine Mail an <strong>shop@oldera.at<\/strong>, wenn Sie weitere Fragen haben.<\/p>\n<p>[\/et_pb_text][\/et_pb_column][\/et_pb_row][\/et_pb_section]<\/p>\n","protected":false},"excerpt":{"rendered":"<p>WELTWEITER VERSAND! \u00d6STERREICH \u2013 4,90\u20acBestellungen \u00fcber 99\u20ac \u2013 KOSTENLOSE LIEFERUNG Lieferzeit 1-9 Werktage EUROPA \u2013 14,90\u20acBestellungen \u00fcber 149\u20ac \u2013 KOSTENLOSE LIEFERUNG Lieferzeit 1-9 Werktage ALLE ANDEREN L\u00c4NDER \u2013 19,90\u20acBestellungen \u00fcber 199\u20ac \u2013 KOSTENLOSE LIEFERUNG Lieferzeit 1-12 Werktage Bei Lieferungen in das Nicht-EU-Ausland fallen Z\u00f6lle und Geb\u00fchren an, die wir nicht \u00fcbernehmen!R\u00dcCKGABEN\/REKLAMATIONEN Bitte beachten Sie, dass [&hellip;]<\/p>\n","protected":false},"author":2,"featured_media":0,"parent":0,"menu_order":0,"comment_status":"closed","ping_status":"closed","template":"","meta":{"_et_pb_use_builder":"on","_et_pb_old_content":"","_et_gb_content_width":"","_monsterinsights_skip_tracking":false,"_monsterinsights_sitenote_active":false,"_monsterinsights_sitenote_note":"","_monsterinsights_sitenote_category":0,"footnotes":""},"class_list":["post-320","page","type-page","status-publish","hentry"],"_links":{"self":[{"href":"https:\/\/www.oldera.at\/oldera\/wp-json\/wp\/v2\/pages\/320","targetHints":{"allow":["GET"]}}],"collection":[{"href":"https:\/\/www.oldera.at\/oldera\/wp-json\/wp\/v2\/pages"}],"about":[{"href":"https:\/\/www.oldera.at\/oldera\/wp-json\/wp\/v2\/types\/page"}],"author":[{"embeddable":true,"href":"https:\/\/www.oldera.at\/oldera\/wp-json\/wp\/v2\/users\/2"}],"replies":[{"embeddable":true,"href":"https:\/\/www.oldera.at\/oldera\/wp-json\/wp\/v2\/comments?post=320"}],"version-history":[{"count":30,"href":"https:\/\/www.oldera.at\/oldera\/wp-json\/wp\/v2\/pages\/320\/revisions"}],"predecessor-version":[{"id":17653,"href":"https:\/\/www.oldera.at\/oldera\/wp-json\/wp\/v2\/pages\/320\/revisions\/17653"}],"wp:attachment":[{"href":"https:\/\/www.oldera.at\/oldera\/wp-json\/wp\/v2\/media?parent=320"}],"curies":[{"name":"wp","href":"https:\/\/api.w.org\/{rel}","templated":true}]}}